{"id":961,"date":"2013-09-02T21:24:45","date_gmt":"2013-09-02T19:24:45","guid":{"rendered":"https:\/\/www.tierr.fr\/blog\/?page_id=961"},"modified":"2025-10-25T02:31:20","modified_gmt":"2025-10-25T00:31:20","slug":"a-propos","status":"publish","type":"page","link":"https:\/\/www.tierr.fr\/blog\/a-propos\/","title":{"rendered":"\u00c0 propos"},"content":{"rendered":"<div class=\"wpb-content-wrapper\"><p>[vc_row][vc_column width=\u00a0\u00bb1\/2&Prime;][vc_column_text]<\/p>\n<div class=\"wp-block-group\"><div class=\"wp-block-group__inner-container\">\n<div class=\"wp-block-group__inner-container is-layout-flow wp-block-group-is-layout-flow\">\n<div class=\"wp-block-group\">\n<div class=\"wp-block-group__inner-container is-layout-flow wp-block-group-is-layout-flow\">\n<div class=\"wp-block-image\">\n<figure><\/figure>\n<figure class=\"alignleft is-resized\"><img data-recalc-dims=\"1\" loading=\"lazy\" decoding=\"async\" data-attachment-id=\"1719\" data-permalink=\"https:\/\/www.tierr.fr\/blog\/a-propos\/tierr-2\/\" data-orig-file=\"https:\/\/www.tierr.fr\/blog\/wp-content\/uploads\/2014\/06\/tierr-2.jpg\" data-orig-size=\"370,240\" data-comments-opened=\"1\" data-image-meta=\"{&quot;aperture&quot;:&quot;0&quot;,&quot;credit&quot;:&quot;&quot;,&quot;camera&quot;:&quot;&quot;,&quot;caption&quot;:&quot;&quot;,&quot;created_timestamp&quot;:&quot;0&quot;,&quot;copyright&quot;:&quot;&quot;,&quot;focal_length&quot;:&quot;0&quot;,&quot;iso&quot;:&quot;0&quot;,&quot;shutter_speed&quot;:&quot;0&quot;,&quot;title&quot;:&quot;&quot;,&quot;orientation&quot;:&quot;0&quot;}\" data-image-title=\"tierr-2\" data-image-description=\"\" data-image-caption=\"\" data-large-file=\"https:\/\/www.tierr.fr\/blog\/wp-content\/uploads\/2014\/06\/tierr-2.jpg\" class=\"wp-image-1719 alignleft\" src=\"https:\/\/i0.wp.com\/www.tierr.fr\/blog\/wp-content\/uploads\/2014\/06\/tierr-2.jpg?resize=547%2C355&#038;ssl=1\" alt=\"tierr-2\" width=\"547\" height=\"355\" \/><\/figure>\n<\/div>\n\n<\/div>\n<\/div>\n\n<\/div>\n<\/div><\/div>\n<p>\u00a0<\/p>\n\n<p>&nbsp;<\/p>\n<p>[\/vc_column_text][\/vc_column][vc_column width=\u00a0\u00bb1\/2&Prime;][vc_column_text]<\/p>\n<h3 class=\"wp-block-heading\">\u00c0 propos de l\u2019auteur<\/h3>\n<p>Bonjour \u00e0 toutes et tous,<\/p>\n<p>Je m\u2019appelle Thierry Rougeaux, dans le milieu artistique je suis connu sous le nom de Tierr. Depuis plus de 20 ans, je parfais mon exp\u00e9rience sur tous les m\u00e9diums possibles.<br \/>Du papier \u00e0 la toile, de la pierre au num\u00e9rique. Du dessin de presse \u00e0 l\u2019interface graphique d\u2019un site en passant par la BD et toutes formes de communications visuelles. Ma passion me conduit toujours \u00e0 partager des exp\u00e9riences graphiques enrichissantes.<br \/>Mais alors, dans quelle case me mettre ? Aucune ou toutes. En effet, quoi de plus restrictif que de se retrouver \u00e9tiquet\u00e9 selon telle ou telle comp\u00e9tence\u2009.<br \/>Je suis auteur de BD, illustrateur, coloriste, infographiste, peintre, matte painter, formateur, sculpteur,\u2026demain ? Je serais peut-\u00eatre couturier\u2026<br \/>Je suis un artisan de l\u2019art, je mets mes comp\u00e9tences et mon talent au service des projets que je porte, et ce quel que soit le m\u00e9dium du client.<br \/>Ce site a pour ambitions, de partager mon travail, mes inspirations, mes conseils et trucs de pro. Car un site sans partage n\u2019est pas une aventure enrichissante.<br \/>Je vous invite donc \u00e0 parcourir cet espace, \u00e0 vous y sentir bien, et n\u2019h\u00e9sitez pas \u00e0 passer r\u00e9guli\u00e8rement voir les nouveaut\u00e9s. L\u2019inscription \u00e0 la newsletter et au flux RSS sont des moyens efficaces de ne rien rater.<\/p>\n<p>Bonne visite et \u00e0 bient\u00f4t.<\/p>\n<p>Tierr<\/p>\n<p>[\/vc_column_text][\/vc_column][\/vc_row]<\/p>\n<\/div>","protected":false},"excerpt":{"rendered":"<p>[vc_row][vc_column width=\u00a0\u00bb1\/2&Prime;][vc_column_text]\u00a0 &nbsp; [\/vc_column_text][\/vc_column][vc_column width=\u00a0\u00bb1\/2&Prime;][vc_column_text] \u00c0 propos de l\u2019auteur Bonjour \u00e0 toutes et tous, Je m\u2019appelle Thierry Rougeaux, dans le milieu artistique je suis connu sous le nom de Tierr. Depuis plus de 20 ans, je parfais mon exp\u00e9rience sur tous les m\u00e9diums possibles.Du papier \u00e0 la toile, de la pierre au num\u00e9rique. Du dessin&hellip;<\/p>\n","protected":false},"author":14,"featured_media":0,"parent":0,"menu_order":0,"comment_status":"closed","ping_status":"closed","template":"","meta":{"_seopress_robots_primary_cat":"","_seopress_titles_title":"","_seopress_titles_desc":"","_seopress_robots_index":"","_seopress_analysis_target_kw":"","footnotes":""},"class_list":["post-961","page","type-page","status-publish","hentry","description-off"],"jetpack_shortlink":"https:\/\/wp.me\/P4xlso-fv","jetpack_sharing_enabled":true,"_links":{"self":[{"href":"https:\/\/www.tierr.fr\/blog\/wp-json\/wp\/v2\/pages\/961","targetHints":{"allow":["GET"]}}],"collection":[{"href":"https:\/\/www.tierr.fr\/blog\/wp-json\/wp\/v2\/pages"}],"about":[{"href":"https:\/\/www.tierr.fr\/blog\/wp-json\/wp\/v2\/types\/page"}],"author":[{"embeddable":true,"href":"https:\/\/www.tierr.fr\/blog\/wp-json\/wp\/v2\/users\/14"}],"replies":[{"embeddable":true,"href":"https:\/\/www.tierr.fr\/blog\/wp-json\/wp\/v2\/comments?post=961"}],"version-history":[{"count":0,"href":"https:\/\/www.tierr.fr\/blog\/wp-json\/wp\/v2\/pages\/961\/revisions"}],"wp:attachment":[{"href":"https:\/\/www.tierr.fr\/blog\/wp-json\/wp\/v2\/media?parent=961"}],"curies":[{"name":"wp","href":"https:\/\/api.w.org\/{rel}","templated":true}]}}