{"id":2382,"date":"2015-01-11T10:43:12","date_gmt":"2015-01-11T09:43:12","guid":{"rendered":"http:\/\/tierr.fr\/?page_id=2382"},"modified":"2020-05-16T18:21:32","modified_gmt":"2020-05-16T16:21:32","slug":"ressources","status":"publish","type":"page","link":"https:\/\/www.tierr.fr\/blog\/ressources\/","title":{"rendered":"Ressources"},"content":{"rendered":"<h2><span style=\"color: #ff3333;\">Les Ressources<\/span><\/h2>\n<p><a href=\"https:\/\/i0.wp.com\/www.tierr.fr\/blog\/wp-content\/uploads\/2015\/01\/tierr-coffre.jpg?ssl=1\"><img data-recalc-dims=\"1\" loading=\"lazy\" decoding=\"async\" data-attachment-id=\"2387\" data-permalink=\"https:\/\/www.tierr.fr\/blog\/ressources\/tierr-coffre\/\" data-orig-file=\"https:\/\/www.tierr.fr\/blog\/wp-content\/uploads\/2015\/01\/tierr-coffre.jpg\" data-orig-size=\"850,400\" data-comments-opened=\"1\" data-image-meta=\"{&quot;aperture&quot;:&quot;0&quot;,&quot;credit&quot;:&quot;&quot;,&quot;camera&quot;:&quot;&quot;,&quot;caption&quot;:&quot;&quot;,&quot;created_timestamp&quot;:&quot;0&quot;,&quot;copyright&quot;:&quot;&quot;,&quot;focal_length&quot;:&quot;0&quot;,&quot;iso&quot;:&quot;0&quot;,&quot;shutter_speed&quot;:&quot;0&quot;,&quot;title&quot;:&quot;&quot;,&quot;orientation&quot;:&quot;0&quot;}\" data-image-title=\"tierr-coffre\" data-image-description=\"\" data-image-caption=\"\" data-large-file=\"https:\/\/www.tierr.fr\/blog\/wp-content\/uploads\/2015\/01\/tierr-coffre.jpg\" class=\"alignnone size-full wp-image-2387\" src=\"https:\/\/i0.wp.com\/www.tierr.fr\/blog\/wp-content\/uploads\/2015\/01\/tierr-coffre.jpg?resize=850%2C400&#038;ssl=1\" alt=\"tierr-coffre\" width=\"850\" height=\"400\" \/><\/a><\/p>\n<pre><div class='w3eden'><div class='row'><div class='col-md-6 col-sm-6 col-xs-12'><!-- WPDM Link Template: Default Template (Extended) -->\n\n<div class=\"card card-default\">\n    <div class=\"card-body\">\n \n    <div class=\"media\">\n        <div class=\"pull-left\"><img data-recalc-dims=\"1\" decoding=\"async\" class=\"wpdm_icon\" alt=\"Ic\u00f4ne\"   src=\"https:\/\/i0.wp.com\/www.tierr.fr\/blog\/wp-content\/plugins\/download-manager\/assets\/file-type-icons\/psd.png?w=1200&#038;ssl=1\" \/><\/div>\n        <div class=\"media-body\"><strong class=\"ptitle\">Action Photoshop - Noir & blanc intense<\/strong>\n            <h3>T\u00e9l\u00e9charger gratuitement une action Photoshop pour transformer rapidement vos photos couleurs en noir &amp; blanc intense.<\/h3>\n<p><img data-recalc-dims=\"1\" loading=\"lazy\" decoding=\"async\" class=\"aligncenter size-full wp-image-4083\" src=\"https:\/\/i0.wp.com\/www.tierr.fr\/blog\/wp-content\/uploads\/2017\/10\/cover-action-noir-blanc.jpg?resize=850%2C400&#038;ssl=1\" alt=\"\" width=\"850\" height=\"400\" \/><\/p>\n<p>J\u2019ai r\u00e9alis\u00e9 une action Photoshop, anciennement un script. Cette action va travailler \u00e0 votre place et pr\u00e9parer un dossier avec tous les r\u00e9glages n\u00e9cessaires \u00e0 la r\u00e9alisation d\u2019un beau noir et blanc intense et percutant.<\/p>\n<p>Pour cela, il suffit d\u2019installer une action dans Photoshop. Ensuite, on ouvre une photo et on lance l\u2019action, et hop, le tour est jou\u00e9. Et comme \u00e0 mon habitude, il n\u2019y a rien de destructif, vous pourrez modifier les r\u00e9glages pour avoir le rendu que vous voulez.<\/p>\n\n            <div><strong><a href=&#039;http:\/\/tierr.fr\/espace-membres\/&#039; >Vous devez \u00eatre connect\u00e9 pour t\u00e9l\u00e9charger des fichiers.<\/a><\/strong><\/div>\n        <\/div>\n    <\/div>\n \n \n    <\/div>\n    <div class=\"card-footer\"><span class=\"pull-right\">109 downloads<\/span>112.85 KB<\/div>\n<\/div><\/div><div class='col-md-6 col-sm-6 col-xs-12'><!-- WPDM Link Template: Default Template (Extended) -->\n\n<div class=\"card card-default\">\n    <div class=\"card-body\">\n \n    <div class=\"media\">\n        <div class=\"pull-left\"><img data-recalc-dims=\"1\" decoding=\"async\" class=\"wpdm_icon\" alt=\"Ic\u00f4ne\"   src=\"https:\/\/i0.wp.com\/www.tierr.fr\/blog\/wp-content\/plugins\/download-manager\/assets\/file-type-icons\/psd.png?w=1200&#038;ssl=1\" \/><\/div>\n        <div class=\"media-body\"><strong class=\"ptitle\">Template Photoshop gratuit \"paysage\", effet bande dessin\u00e9e<\/strong>\n            <h3>T\u00e9l\u00e9charger gratuitement un template Photoshop pour transformer rapidement vos photos en pages de bande dessin\u00e9e.<\/h3>\n<p><img data-recalc-dims=\"1\" loading=\"lazy\" decoding=\"async\" class=\"aligncenter size-full wp-image-6713\" src=\"https:\/\/i0.wp.com\/www.tierr.fr\/blog\/wp-content\/uploads\/2017\/09\/image-a-la-une-BD-1-1.png?resize=850%2C400&#038;ssl=1\" alt=\"\" width=\"850\" height=\"400\" \/><\/p>\n<p>Mon dernier template Photoshop qui transformait vos photos en peinture aquarelle, \u00e0 rencontrer un fort succ\u00e8s, voir <a href=\"https:\/\/www.tierr.fr\/blog\/template-photoshop-peinture-aquarelle\/\">ICI<\/a>. Je me suis donc amus\u00e9 \u00e0 r\u00e9aliser un autre effet, qui simule celui-l\u00e0, le dessin au trait, caract\u00e9ristique des bandes dessin\u00e9es r\u00e9alistes.<\/p>\n<h3>Glisser-d\u00e9poser et c\u2019est fait\u2009!<\/h3>\n<p>C\u2019est le fort d\u2019un template, limiter les actions de l\u2019utilisateur en pr\u00e9parant suffisamment en amont tous les effets \u00e0 appliquer \u00e0 une image ou \u00e0 un texte.<\/p>\n<p>Comme pour le pr\u00e9c\u00e9dent template, vous n\u2019avez qu\u2019\u00e0 double cliquer sur le calque vert. Une fois l\u2019objet dynamique ouvert, il ne vous reste plus qu\u2019\u00e0 remplacer l\u2019image par un glisser-d\u00e9poser et enregistrer. Revenez au template et le visuel est mis \u00e0 jour avec la nouvelle photo. Pour les r\u00e9glages et possibilit\u00e9s graphiques, je vous invite \u00e0 regarder le tutoriel en vid\u00e9o.<\/p>\n<p>J\u2019esp\u00e8re que vous prendrez plaisir \u00e0 utiliser ce template pour votre usage personnel ou commercial.<\/p>\n\n            <div><strong><a href=&#039;http:\/\/tierr.fr\/espace-membres\/&#039; >Vous devez \u00eatre connect\u00e9 pour t\u00e9l\u00e9charger des fichiers.<\/a><\/strong><\/div>\n        <\/div>\n    <\/div>\n \n \n    <\/div>\n    <div class=\"card-footer\"><span class=\"pull-right\">500 downloads<\/span>79.60 MB<\/div>\n<\/div><\/div><div class='col-md-6 col-sm-6 col-xs-12'><!-- WPDM Link Template: Default Template (Extended) -->\n\n<div class=\"card card-default\">\n    <div class=\"card-body\">\n \n    <div class=\"media\">\n        <div class=\"pull-left\"><img data-recalc-dims=\"1\" decoding=\"async\" class=\"wpdm_icon\" alt=\"Ic\u00f4ne\"   src=\"https:\/\/i0.wp.com\/www.tierr.fr\/blog\/wp-content\/plugins\/download-manager\/assets\/file-type-icons\/psd.png?w=1200&#038;ssl=1\" \/><\/div>\n        <div class=\"media-body\"><strong class=\"ptitle\">Template Photoshop gratuit \"portrait\", effet bande dessin\u00e9e<\/strong>\n            <h3>T\u00e9l\u00e9charger gratuitement un template Photoshop pour transformer rapidement vos photos en pages de bande dessin\u00e9e.<\/h3>\n<p><img data-recalc-dims=\"1\" loading=\"lazy\" decoding=\"async\" class=\"aligncenter size-full wp-image-6713\" src=\"https:\/\/i0.wp.com\/www.tierr.fr\/blog\/wp-content\/uploads\/2017\/09\/image-a-la-une-BD-1-1.png?resize=850%2C400&#038;ssl=1\" alt=\"\" width=\"850\" height=\"400\" \/><\/p>\n<p>Mon dernier template Photoshop qui transformait vos photos en peinture aquarelle, \u00e0 rencontrer un fort succ\u00e8s, voir <a href=\"https:\/\/www.tierr.fr\/blog\/template-photoshop-peinture-aquarelle\/\">ICI<\/a>. Je me suis donc amus\u00e9 \u00e0 r\u00e9aliser un autre effet, qui simule celui-l\u00e0, le dessin au trait, caract\u00e9ristique des bandes dessin\u00e9es r\u00e9alistes.<\/p>\n<h3>Glisser-d\u00e9poser et c\u2019est fait\u2009!<\/h3>\n<p>C\u2019est le fort d\u2019un template, limiter les actions de l\u2019utilisateur en pr\u00e9parant suffisamment en amont tous les effets \u00e0 appliquer \u00e0 une image ou \u00e0 un texte.<\/p>\n<p>Comme pour le pr\u00e9c\u00e9dent template, vous n\u2019avez qu\u2019\u00e0 double cliquer sur le calque vert. Une fois l\u2019objet dynamique ouvert, il ne vous reste plus qu\u2019\u00e0 remplacer l\u2019image par un glisser-d\u00e9poser et enregistrer. Revenez au template et le visuel est mis \u00e0 jour avec la nouvelle photo. Pour les r\u00e9glages et possibilit\u00e9s graphiques, je vous invite \u00e0 regarder le tutoriel en vid\u00e9o.<\/p>\n<p>J\u2019esp\u00e8re que vous prendrez plaisir \u00e0 utiliser ce template pour votre usage personnel ou commercial.<\/p>\n\n            <div><strong><a href=&#039;http:\/\/tierr.fr\/espace-membres\/&#039; >Vous devez \u00eatre connect\u00e9 pour t\u00e9l\u00e9charger des fichiers.<\/a><\/strong><\/div>\n        <\/div>\n    <\/div>\n \n \n    <\/div>\n    <div class=\"card-footer\"><span class=\"pull-right\">509 downloads<\/span>91,7 MB<\/div>\n<\/div><\/div><div class='col-md-6 col-sm-6 col-xs-12'><!-- WPDM Link Template: Default Template (Extended) -->\n\n<div class=\"card card-default\">\n    <div class=\"card-body\">\n \n    <div class=\"media\">\n        <div class=\"pull-left\"><img data-recalc-dims=\"1\" decoding=\"async\" class=\"wpdm_icon\" alt=\"Ic\u00f4ne\"   src=\"https:\/\/i0.wp.com\/www.tierr.fr\/blog\/wp-content\/plugins\/download-manager\/assets\/file-type-icons\/psd.png?w=1200&#038;ssl=1\" \/><\/div>\n        <div class=\"media-body\"><strong class=\"ptitle\">Template Photoshop \"effet peinture aquarelle\".<\/strong>\n            <p><img data-recalc-dims=\"1\" loading=\"lazy\" decoding=\"async\" class=\"aligncenter size-full wp-image-3916\" src=\"https:\/\/i0.wp.com\/www.tierr.fr\/blog\/wp-content\/uploads\/2017\/04\/Article-template-photoshop.jpg?resize=850%2C400&#038;ssl=1\" alt=\"\" width=\"850\" height=\"400\" \/><\/p>\n<p>T\u00e9l\u00e9chargez gratuitement un template (mod\u00e8le) Photoshop pour transformer n\u2019importe quelle photo en peinture aquarelle.<\/p>\n<p>\u00c9tant donn\u00e9 que tous les effets ont \u00e9t\u00e9 configur\u00e9s dans un objet dynamique, l\u2019effet de peinture aquarelle peut \u00eatre appliqu\u00e9 \u00e0 n\u2019importe quelle image.<\/p>\n<p>Pour utiliser ce template, vous avez juste \u00e0 ouvrir le fichier PSD et double cliquer sur la vignette du calque vert qui contient l\u2019objet dynamique. Cela ouvre l\u2019objet dans un nouveau document, vous n\u2019avez plus qu\u2019\u00e0 remplacer la photo avec l\u2019une des v\u00f4tres, enregistrer et fermer le document. Revenez au document principal et vous aurez la grande joie de voir l\u2019objet dynamique mis \u00e0 jour avec tous les effets li\u00e9s.<\/p>\n<p>&nbsp;<\/p>\n<p>Attention ! Ceux qui auraient t\u00e9l\u00e9charg\u00e9 la\u00a0version 1 ont pu remarquer que l'objet ne se mettait pas \u00e0 jour. Il faut d\u00e9cocher les cadenas du dossier contenant l'objet ainsi que le cadenas de l'objet. Avec toutes mes excuses pour avoir\u00a0embrouill\u00e9 les moins pros d'entrevous.<\/p>\n\n            <div><strong><a href=&#039;http:\/\/tierr.fr\/espace-membres\/&#039; >Vous devez \u00eatre connect\u00e9 pour t\u00e9l\u00e9charger des fichiers.<\/a><\/strong><\/div>\n        <\/div>\n    <\/div>\n \n \n    <\/div>\n    <div class=\"card-footer\"><span class=\"pull-right\">416 downloads<\/span>130.54 MB<\/div>\n<\/div><\/div><div class='col-md-6 col-sm-6 col-xs-12'><!-- WPDM Link Template: Default Template (Extended) -->\n\n<div class=\"card card-default\">\n    <div class=\"card-body\">\n \n    <div class=\"media\">\n        <div class=\"pull-left\"><img data-recalc-dims=\"1\" decoding=\"async\" class=\"wpdm_icon\" alt=\"Ic\u00f4ne\"   src=\"https:\/\/i0.wp.com\/www.tierr.fr\/blog\/wp-content\/plugins\/download-manager\/assets\/file-type-icons\/psd.png?w=1200&#038;ssl=1\" \/><\/div>\n        <div class=\"media-body\"><strong class=\"ptitle\">Creative Kit Watercolor<\/strong>\n            <p><img data-recalc-dims=\"1\" loading=\"lazy\" decoding=\"async\" class=\"aligncenter size-full wp-image-3832\" src=\"https:\/\/i0.wp.com\/www.tierr.fr\/blog\/wp-content\/uploads\/2017\/03\/Creative-Kit-Watercolor.jpg?resize=850%2C400&#038;ssl=1\" alt=\"\" width=\"850\" height=\"400\" \/><\/p>\n<p>Je vous propose gratuitement ce\u00a0kit \"Creative Kit Watercolor\"\u00a0pour des effets aquarelles\u00a0r\u00e9alistes avec\u00a0Photoshop.<\/p>\n<p>Comme il n\u2019est pas toujours facile de r\u00e9aliser des textures efficaces, je partage avec vous les miennes. Vous les trouverez en images pour les utiliser directement dans vos montages et dans une extension de motifs \u00e0 installer dans Photoshop. Quant aux styles de calques \u00e0 installer aussi dans Photoshop, il regroupe des effets et des textures. Bien \u00e9videmment, \u00e0 vous de modifier ces styles pour les adapter \u00e0 vos besoins.<\/p>\n\n            <div><strong><a href=&#039;http:\/\/tierr.fr\/espace-membres\/&#039; >Vous devez \u00eatre connect\u00e9 pour t\u00e9l\u00e9charger des fichiers.<\/a><\/strong><\/div>\n        <\/div>\n    <\/div>\n \n \n    <\/div>\n    <div class=\"card-footer\"><span class=\"pull-right\">159 downloads<\/span>92.73 MB<\/div>\n<\/div><\/div><div class='col-md-6 col-sm-6 col-xs-12'><!-- WPDM Link Template: Default Template (Extended) -->\n\n<div class=\"card card-default\">\n    <div class=\"card-body\">\n \n    <div class=\"media\">\n        <div class=\"pull-left\"><img data-recalc-dims=\"1\" decoding=\"async\" class=\"wpdm_icon\" alt=\"Ic\u00f4ne\"   src=\"https:\/\/i0.wp.com\/www.tierr.fr\/blog\/wp-content\/plugins\/download-manager\/assets\/file-type-icons\/jpg.png?w=1200&#038;ssl=1\" \/><\/div>\n        <div class=\"media-body\"><strong class=\"ptitle\">wallpapers tierr - f\u00e9e<\/strong>\n            <p><img data-recalc-dims=\"1\" loading=\"lazy\" decoding=\"async\" class=\"aligncenter size-full wp-image-3797\" src=\"https:\/\/i0.wp.com\/www.tierr.fr\/blog\/wp-content\/uploads\/2017\/01\/wallpapers-tierrArt-fee.jpg?resize=850%2C400&#038;ssl=1\" alt=\"\" width=\"850\" height=\"400\" \/><\/p>\n<p>Elle ne s\u2019appelle pas clochette, mais c\u2019est une\u00a0f\u00e9e charmante et fragile\u00a0qui se d\u00e9cline dans une collection de wallpapers pour vos tablettes, smartphones et \u00e9crans.<\/p>\n<p>Vous trouverez dans le dossier 14\u00a0formats d\u2019image qui convient \u00e0 votre mobile, tablette ou \u00e9cran.<\/p>\n\n            <div><strong><a class='wpdm-download-link btn btn-primary btn-sm' rel='nofollow' href='#' onclick=\"location.href='https:\/\/www.tierr.fr\/blog\/wpdm-package\/wallpapers-collection-tierr-fee\/?wpdmdl=3793&refresh=69da1ede84f7a1775902430';return false;\">T\u00e9l\u00e9charger<\/a><\/strong><\/div>\n        <\/div>\n    <\/div>\n \n \n    <\/div>\n    <div class=\"card-footer\"><span class=\"pull-right\">167 downloads<\/span>5.42 MB<\/div>\n<\/div><\/div><div class='col-md-6 col-sm-6 col-xs-12'><!-- WPDM Link Template: Default Template (Extended) -->\n\n<div class=\"card card-default\">\n    <div class=\"card-body\">\n \n    <div class=\"media\">\n        <div class=\"pull-left\"><img data-recalc-dims=\"1\" decoding=\"async\" class=\"wpdm_icon\" alt=\"Ic\u00f4ne\"   src=\"https:\/\/i0.wp.com\/www.tierr.fr\/blog\/wp-content\/plugins\/download-manager\/assets\/file-type-icons\/jpeg.png?w=1200&#038;ssl=1\" \/><\/div>\n        <div class=\"media-body\"><strong class=\"ptitle\">Wallpapers Tierr - Sophie<\/strong>\n            <p><img data-recalc-dims=\"1\" loading=\"lazy\" decoding=\"async\" class=\"aligncenter size-full wp-image-3792\" src=\"https:\/\/i0.wp.com\/www.tierr.fr\/blog\/wp-content\/uploads\/2017\/01\/wallpapers-tierr-sophie.jpg?resize=850%2C400&#038;ssl=1\" alt=\"\" width=\"850\" height=\"400\" \/><\/p>\n<p>Sophie la lumineuse est\u00a0une collection de wallpapers pour vos tablettes, smartphones et \u00e9crans.<\/p>\n<p>Vous trouverez dans le dossier 14\u00a0formats d\u2019image qui convient \u00e0 votre mobile, tablette ou \u00e9cran.<\/p>\n\n            <div><strong><a class='wpdm-download-link btn btn-primary btn-sm' rel='nofollow' href='#' onclick=\"location.href='https:\/\/www.tierr.fr\/blog\/wpdm-package\/wallpapers-collection-tierr-sophie\/?wpdmdl=3790&refresh=69da1ede8544d1775902430';return false;\">T\u00e9l\u00e9charger<\/a><\/strong><\/div>\n        <\/div>\n    <\/div>\n \n \n    <\/div>\n    <div class=\"card-footer\"><span class=\"pull-right\">150 downloads<\/span>3.50 MB<\/div>\n<\/div><\/div><div class='col-md-6 col-sm-6 col-xs-12'><!-- WPDM Link Template: Default Template (Extended) -->\n\n<div class=\"card card-default\">\n    <div class=\"card-body\">\n \n    <div class=\"media\">\n        <div class=\"pull-left\"><img data-recalc-dims=\"1\" decoding=\"async\" class=\"wpdm_icon\" alt=\"Ic\u00f4ne\"   src=\"https:\/\/i0.wp.com\/www.tierr.fr\/blog\/wp-content\/plugins\/download-manager\/assets\/file-type-icons\/psd.png?w=1200&#038;ssl=1\" \/><\/div>\n        <div class=\"media-body\"><strong class=\"ptitle\">PSD pour l'ann\u00e9e 2017<\/strong>\n            <p><img data-recalc-dims=\"1\" loading=\"lazy\" decoding=\"async\" class=\"aligncenter size-full wp-image-3756\" src=\"https:\/\/i0.wp.com\/www.tierr.fr\/blog\/wp-content\/uploads\/2017\/01\/voeux-2017-TierrArt.jpg?resize=850%2C400&#038;ssl=1\" alt=\"\" width=\"850\" height=\"400\" \/><\/p>\n<p>Et pour commencer cette nouvelle ann\u00e9e, je vous ai pr\u00e9par\u00e9 un visuel Photoshop. Une typographie minimaliste que vous pourrez personnaliser \u00e0 votre envie. Et pour ce premier PSD de l\u2019ann\u00e9e\u00a02017, m\u00eame pas besoin d\u2019\u00eatre connect\u00e9 ou de laisser un commentaire pour le t\u00e9l\u00e9charger. On clique et c\u2019est dans la poche.<\/p>\n\n            <div><strong><a class='wpdm-download-link btn btn-primary btn-sm' rel='nofollow' href='#' onclick=\"location.href='https:\/\/www.tierr.fr\/blog\/wpdm-package\/psd-lannee-2017\/?wpdmdl=3771&refresh=69da1ede8591e1775902430';return false;\">T\u00e9l\u00e9charger<\/a><\/strong><\/div>\n        <\/div>\n    <\/div>\n \n \n    <\/div>\n    <div class=\"card-footer\"><span class=\"pull-right\">184 downloads<\/span>2.91 MB<\/div>\n<\/div><\/div><div class='col-md-6 col-sm-6 col-xs-12'><!-- WPDM Link Template: Default Template (Extended) -->\n\n<div class=\"card card-default\">\n    <div class=\"card-body\">\n \n    <div class=\"media\">\n        <div class=\"pull-left\"><img data-recalc-dims=\"1\" decoding=\"async\" class=\"wpdm_icon\" alt=\"Ic\u00f4ne\"   src=\"https:\/\/i0.wp.com\/www.tierr.fr\/blog\/wp-content\/plugins\/download-manager\/assets\/file-type-icons\/psd.png?w=1200&#038;ssl=1\" \/><\/div>\n        <div class=\"media-body\"><strong class=\"ptitle\">Kit Painter Photoshop<\/strong>\n            <p><img data-recalc-dims=\"1\" loading=\"lazy\" decoding=\"async\" class=\"aligncenter size-full wp-image-3707\" src=\"https:\/\/i0.wp.com\/www.tierr.fr\/blog\/wp-content\/uploads\/2016\/10\/kit-painter-Photoshop-TierrArt.jpg?resize=850%2C400&#038;ssl=1\" alt=\"\" width=\"850\" height=\"400\" \/><\/p>\n<p>Je vous propose gratuitement un kit de d\u00e9marrage d'outils pr\u00e9d\u00e9finis pour vous initier \u00e0 la peinture r\u00e9aliste sur Photoshop.<\/p>\n<p>Ce kit comprend plusieurs brosses d\u00e9j\u00e0 param\u00e9tr\u00e9es pour une utilisation avec une tablette graphique. Pour le dessin,\u00a0des crayons pour r\u00e9aliser votre esquisse, ensuite, des brosses au rendu aquarelle pour\u00a0la peinture, des brosses pour gommer et des pinceaux m\u00e9langeurs pour mixer vos couleurs et avoir des rendus r\u00e9alistes. De plus, je vous joins un style de calque pour texturer votre fond.<\/p>\n<p>Attention, ce sont des outils pr\u00e9d\u00e9finis et non des brosses. Suivez les instructions pour l\u2019installation.<\/p>\n\n            <div><strong><a href=&#039;http:\/\/tierr.fr\/espace-membres\/&#039; >Vous devez \u00eatre connect\u00e9 pour t\u00e9l\u00e9charger des fichiers.<\/a><\/strong><\/div>\n        <\/div>\n    <\/div>\n \n \n    <\/div>\n    <div class=\"card-footer\"><span class=\"pull-right\">159 downloads<\/span>18.90 MB<\/div>\n<\/div><\/div><div class='col-md-6 col-sm-6 col-xs-12'><!-- WPDM Link Template: Default Template (Extended) -->\n\n<div class=\"card card-default\">\n    <div class=\"card-body\">\n \n    <div class=\"media\">\n        <div class=\"pull-left\"><img data-recalc-dims=\"1\" decoding=\"async\" class=\"wpdm_icon\" alt=\"Ic\u00f4ne\"   src=\"https:\/\/i0.wp.com\/www.tierr.fr\/blog\/wp-content\/plugins\/download-manager\/assets\/file-type-icons\/psd.png?w=1200&#038;ssl=1\" \/><\/div>\n        <div class=\"media-body\"><strong class=\"ptitle\">Free text effect Valentine\u2019s Day<\/strong>\n            <p><img data-recalc-dims=\"1\" loading=\"lazy\" decoding=\"async\" class=\"aligncenter size-full wp-image-6732\" src=\"https:\/\/i0.wp.com\/www.tierr.fr\/blog\/wp-content\/uploads\/2016\/02\/template-St-Valentin-tierrart.jpg?resize=850%2C400&#038;ssl=1\" alt=\"\" width=\"850\" height=\"400\" \/><\/p>\n<p>Ce template \"Free text effect Valentine\u2019s Day\" Photoshop va vous permettre de r\u00e9aliser un texte personnalis\u00e9 sur le th\u00e8me de la Saint-Valentin. Envoyez un mot de fa\u00e7on originale \u00e0 votre bien-aim\u00e9 pour la Saint-Valentin. Bien s\u00fbr rien ne vous emp\u00eache de modifier texture et couleur pour une autre utilisation.<\/p>\n\n            <div><strong><a href=&#039;http:\/\/tierr.fr\/espace-membres\/&#039; >Vous devez \u00eatre connect\u00e9 pour t\u00e9l\u00e9charger des fichiers.<\/a><\/strong><\/div>\n        <\/div>\n    <\/div>\n \n \n    <\/div>\n    <div class=\"card-footer\"><span class=\"pull-right\">33 downloads<\/span>13.77 MB<\/div>\n<\/div><\/div><\/div><div style='clear:both'><\/div><div class='text-center'><ul data-container='#' class=\"pagination  pagination-centered\"><li><a class=\"disabled\">&#9668;<\/a><\/li><li class=\"active\"><a class=\"current\">1<\/a><\/li><li><a data-page='2' data-container='#' href=\"\/blog\/wp-json\/wp\/v2\/pages\/2382?&cp_208=2\" rel = '' >2<\/a><\/li><li><a data-page='2' data-container='#' href=\"\/blog\/wp-json\/wp\/v2\/pages\/2382?&cp_208=2\" class=\"next\" rel = '' >&#9658;<\/a><\/li><\/ul><\/div>\n<div style='clear:both'><\/div><div style='clear:both'><\/div><\/div><\/pre>\n\n\n<p><\/p>\n","protected":false},"excerpt":{"rendered":"<p>Les Ressources<\/p>\n","protected":false},"author":14,"featured_media":0,"parent":0,"menu_order":0,"comment_status":"open","ping_status":"closed","template":"","meta":{"_seopress_robots_primary_cat":"","_seopress_titles_title":"","_seopress_titles_desc":"","_seopress_robots_index":"","footnotes":""},"class_list":["post-2382","page","type-page","status-publish","hentry","description-off"],"jetpack_shortlink":"https:\/\/wp.me\/P4xlso-Cq","jetpack_sharing_enabled":true,"_links":{"self":[{"href":"https:\/\/www.tierr.fr\/blog\/wp-json\/wp\/v2\/pages\/2382","targetHints":{"allow":["GET"]}}],"collection":[{"href":"https:\/\/www.tierr.fr\/blog\/wp-json\/wp\/v2\/pages"}],"about":[{"href":"https:\/\/www.tierr.fr\/blog\/wp-json\/wp\/v2\/types\/page"}],"author":[{"embeddable":true,"href":"https:\/\/www.tierr.fr\/blog\/wp-json\/wp\/v2\/users\/14"}],"replies":[{"embeddable":true,"href":"https:\/\/www.tierr.fr\/blog\/wp-json\/wp\/v2\/comments?post=2382"}],"version-history":[{"count":0,"href":"https:\/\/www.tierr.fr\/blog\/wp-json\/wp\/v2\/pages\/2382\/revisions"}],"wp:attachment":[{"href":"https:\/\/www.tierr.fr\/blog\/wp-json\/wp\/v2\/media?parent=2382"}],"curies":[{"name":"wp","href":"https:\/\/api.w.org\/{rel}","templated":true}]}}