{"id":1069,"date":"2014-04-23T21:11:26","date_gmt":"2014-04-23T19:11:26","guid":{"rendered":"https:\/\/www.tierr.fr\/blog\/?page_id=1069"},"modified":"2021-03-27T17:40:36","modified_gmt":"2021-03-27T16:40:36","slug":"enregistrement-membres","status":"publish","type":"page","link":"https:\/\/www.tierr.fr\/blog\/enregistrement-membres\/","title":{"rendered":"Enregistrement"},"content":{"rendered":"<h3>Page d&rsquo;enregistrement<\/h3>\n<h5 style=\"text-align: justify;\">L&rsquo;enregistrement sur TierrArt Cr\u00e9ations, a pour but de vous donner acc\u00e8s aux ressources graphiques que je partage, ainsi qu&rsquo;\u00e0 l&rsquo;abonnement \u00e0 la newsletter. De plus si vous vous connectez lors de vos visites, vous pourrez laisser des commentaires sans devoir remplir \u00e0 chaque fois les champs requis qui nous servent \u00e0 lutter contre les spams.<\/h5>\n<h5 style=\"text-align: justify;\">TierrArt Cr\u00e9ations s&rsquo;engage \u00e0 ne pas donner, \u00e9changer ou vendre vos coordonn\u00e9es. Cela dit ce n&rsquo;est pas une obligation, le reste du site reste libre d&rsquo;acc\u00e8s. Nous vous remercions de votre attention.<\/h5>\n<h5><span style=\"color: #e74e3b;\">Attention ! Le nom d\u2019utilisateur que vous choisirez, qui peut \u00eatre ce que vous voulez, pseudo, pr\u00e9nom, l\u00e9gume, ne pourra plus \u00eatre chang\u00e9 apr\u00e8s enregistrement. Alors, soyez cr\u00e9atif et original.<\/span><\/h5>\n<h5><div id=\"wpmem_reg\"><a id=\"register\"><\/a><form name=\"form\" method=\"post\" action=\"https:\/\/www.tierr.fr\/blog\/enregistrement-membres\/\" id=\"wpmem_register_form\" class=\"form\"><input type=\"hidden\" id=\"_wpmem_register_nonce\" name=\"_wpmem_register_nonce\" value=\"414aaa601a\" \/><input type=\"hidden\" name=\"_wp_http_referer\" value=\"\/blog\/wp-json\/wp\/v2\/pages\/1069\" \/><fieldset><legend>Nouvel utilisateur\u00a0?<\/legend><label for=\"username\" class=\"text\">Choisissez un Nom d\u2019utilisateur<span class=\"req\">*<\/span><\/label><div class=\"div_text\"><input name=\"username\" type=\"text\" id=\"username\" value=\"\" class=\"textbox\" required  \/><\/div><label for=\"first_name\" class=\"text\">Pr\u00e9nom<span class=\"req\">*<\/span><\/label><div class=\"div_text\"><input name=\"first_name\" type=\"text\" id=\"first_name\" value=\"\" class=\"textbox\" required  \/><\/div><label for=\"last_name\" class=\"text\">Nom<\/label><div class=\"div_text\"><input name=\"last_name\" type=\"text\" id=\"last_name\" value=\"\" class=\"textbox\" \/><\/div><label for=\"user_email\" class=\"text\">Courriel<span class=\"req\">*<\/span><\/label><div class=\"div_text\"><input name=\"user_email\" type=\"text\" id=\"user_email\" value=\"\" class=\"textbox\" required  \/><\/div><label for=\"user_url\" class=\"text\">Site web<\/label><div class=\"div_text\"><input name=\"user_url\" type=\"text\" id=\"user_url\" value=\"\" class=\"textbox\" \/><\/div><div class=\"div_text\"><input name=\"tos\" type=\"checkbox\" id=\"tos\" value=\"agree\" required  \/> <a href=\"#\" onClick=\"window.open('\/blog\/wp-json\/wp\/v2\/pages\/1069?tos=display','tos');\">Conditions d'utilisation<\/a><span class=\"req\">*<\/span><\/div><label class=\"text\" for=\"captcha\">Entrez le code\u00a0:<\/label><div class=\"div_text\"><img data-recalc-dims=\"1\" loading=\"lazy\" decoding=\"async\" src=\"https:\/\/i0.wp.com\/www.tierr.fr\/blog\/wp-content\/plugins\/really-simple-captcha\/tmp\/1237502516.png?resize=72%2C30&#038;ssl=1\" alt=\"captcha\" width=\"72\" height=\"30\" \/><input id=\"captcha_prefix\" name=\"captcha_prefix\" type=\"hidden\" value=\"1237502516\" \/><input id=\"captcha_code\" name=\"captcha_code\" size=\"4\" type=\"text\" class=\"textbox\" required \/><\/div><div class=\"register-section\" id=\"profile-details-section-wysija\"><div class=\"editfield\"><p class=\"wysija-after-register\"><label for=\"wysija-box-after-register\"><input type=\"checkbox\" id=\"wysija-box-after-register\" value=\"1\" name=\"wysija[register_subscribe]\">Oui, ajoutez moi \u00e0 votre liste de diffusion.<\/label><\/p><\/div><\/div><input name=\"a\" type=\"hidden\" value=\"register\" \/><input name=\"wpmem_reg_page\" type=\"hidden\" value=\"https:\/\/www.tierr.fr\/blog\/enregistrement-membres\/\" \/><div class=\"button_div\"><input name=\"submit\" type=\"submit\" value=\"S\u2019inscrire\" class=\"buttons\" \/><\/div><div class=\"req-text\"><span class=\"req\">*<\/span>Champ requis<\/div><\/fieldset><\/form><\/div><\/h5>\n","protected":false},"excerpt":{"rendered":"<p>Page d&rsquo;enregistrement L&rsquo;enregistrement sur TierrArt Cr\u00e9ations, a pour but de vous donner acc\u00e8s aux ressources graphiques que je partage, ainsi qu&rsquo;\u00e0 l&rsquo;abonnement \u00e0 la newsletter. De plus si vous vous connectez lors de vos visites, vous pourrez laisser des commentaires sans devoir remplir \u00e0 chaque fois les champs requis qui nous servent \u00e0 lutter contre&hellip;<\/p>\n","protected":false},"author":14,"featured_media":0,"parent":0,"menu_order":0,"comment_status":"closed","ping_status":"closed","template":"","meta":{"_seopress_robots_primary_cat":"","_seopress_titles_title":"","_seopress_titles_desc":"","_seopress_robots_index":"","footnotes":""},"class_list":["post-1069","page","type-page","status-publish","hentry","description-off"],"jetpack_shortlink":"https:\/\/wp.me\/P4xlso-hf","jetpack_sharing_enabled":true,"_links":{"self":[{"href":"https:\/\/www.tierr.fr\/blog\/wp-json\/wp\/v2\/pages\/1069","targetHints":{"allow":["GET"]}}],"collection":[{"href":"https:\/\/www.tierr.fr\/blog\/wp-json\/wp\/v2\/pages"}],"about":[{"href":"https:\/\/www.tierr.fr\/blog\/wp-json\/wp\/v2\/types\/page"}],"author":[{"embeddable":true,"href":"https:\/\/www.tierr.fr\/blog\/wp-json\/wp\/v2\/users\/14"}],"replies":[{"embeddable":true,"href":"https:\/\/www.tierr.fr\/blog\/wp-json\/wp\/v2\/comments?post=1069"}],"version-history":[{"count":0,"href":"https:\/\/www.tierr.fr\/blog\/wp-json\/wp\/v2\/pages\/1069\/revisions"}],"wp:attachment":[{"href":"https:\/\/www.tierr.fr\/blog\/wp-json\/wp\/v2\/media?parent=1069"}],"curies":[{"name":"wp","href":"https:\/\/api.w.org\/{rel}","templated":true}]}}